{"id":182,"date":"2018-03-11T11:40:00","date_gmt":"2018-03-11T11:40:00","guid":{"rendered":"http:\/\/magnolia.boo.pl\/?page_id=182"},"modified":"2026-03-08T20:26:13","modified_gmt":"2026-03-08T20:26:13","slug":"cennik","status":"publish","type":"page","link":"https:\/\/magnolia.dzwirzyno.org\/index.php\/cennik\/","title":{"rendered":"Cennik"},"content":{"rendered":"\n<h2>Cennik 2026<\/h2>\n\n\n\n<figure class=\"wp-block-table\"><table><tbody><tr><td> <h3>Domki letniskowe (do 6 os\u00f3b)<\/h3> <\/td><\/tr><tr><td>Pobyt w terminie<\/td><td>Koszt pobytu doby<\/td><\/tr><tr><td>od 03.04 do 06.04<\/td><td>550 z\u0142<\/td><\/tr><tr><td>od 06.04 do 23.04<\/td><td>450 z\u0142<\/td><\/tr><tr><td>od 23.04 do 04.05 <\/td><td>550 z\u0142<\/td><\/tr><tr><td>od 04.05 do 31.05<\/td><td>450 z\u0142<\/td><\/tr><tr><td>od 31.05 do 18.06<\/td><td>550 z\u0142<\/td><\/tr><tr><td>od 18.06 do 05.07<\/td><td>600 z\u0142<\/td><\/tr><tr><td>od 05.07 do 19.07<\/td><td>650 z\u0142<\/td><\/tr><tr><td>od 19.07 do 18.08<\/td><td>700 z\u0142<\/td><\/tr><tr><td>od 18.08 do 01.09<\/td><td>600 z\u0142<\/td><\/tr><tr><td>od 01.09 do 15.09<\/td><td>450 z\u0142<\/td><\/tr><tr><td>od 15.09 do 31.10<\/td><td>300 z\u0142<\/td><\/tr><\/tbody><\/table><\/figure>\n\n\n\nPowy\u017csze ceny obowi\u0105zuj\u0105 przy pobytach powy\u017cej dw\u00f3ch nocy. \n<div class=\"uwagi\">\n<h4>Na terenie o\u015brodka obowi\u0105zuj\u0105 nast\u0119puj\u0105ce dodatkowe op\u0142aty:<\/h4>\n<ul>\n<li>za psa lub inne zwierz\u0119 domowe 70 z\u0142 lub 30 z\u0142 za dob\u0119 przy pobytach d\u0142u\u017cszych ni\u017c 3 noce<\/li>\n<li>za energi\u0119 elektryczn\u0105 1,5 z\u0142 za kWh, wed\u0142ug wskaza\u0144 licznika<\/li>\n<li>op\u0142ata klimatyczna jest naliczana zgodnie z uchwa\u0142\u0105 Rady Gminy na dany rok<\/li>\n<li>za pobyt dodatkowych os\u00f3b (powy\u017cej sze\u015bciu) 30 z\u0142 za dob\u0119 &#8211; dotyczy domk\u00f3w<br>\n<h4><a href=\"mailto:magnolia@dzwirzyno.org\">Przejd\u017a do rezerwacji<\/a><\/h4>\n<\/li>\n<\/ul>\n<\/div>\n\n\n\n<figure class=\"wp-block-table\"><table><tbody><tr><td> <h3>Apartamenty<\/h3> <br> Cena za dob\u0119 w pokoju z aneksem kuchennym i \u0142azienk\u0105 <\/td><\/tr><tr><td>Pobyt w terminie<\/td><td>Dwie osoby<\/td><td>Trzy osoby<\/td><td>Dwie osoby i dziecko do lat 12<\/td><\/tr><tr><td>od 03.04 do 06.04<\/td><td>220 z\u0142<\/td><td>250 z\u0142<\/td><td>235 z\u0142<\/td><\/tr><tr><td>od 06.04 do 23.04<\/td><td>150 z\u0142<\/td><td>220 z\u0142<\/td><td>180 z\u0142<\/td><\/tr><tr><td>od 23.04 do 04.05<\/td><td>220 z\u0142<\/td><td>270 z\u0142<\/td><td>250 z\u0142<\/td><\/tr><tr><td>od 04.05 do 31.05<\/td><td>160 z\u0142<\/td><td>220 z\u0142<\/td><td>180 z\u0142<\/td><\/tr><tr><td>od 31.05 do 18.06<\/td><td>220 z\u0142<\/td><td>270 z\u0142<\/td><td>250 z\u0142<\/td><\/tr><tr><td>od 18.06 do 05.07<\/td><td>270 z\u0142<\/td><td>340 z\u0142<\/td><td>300 z\u0142<\/td><\/tr><tr><td>od 05.07 do 19.07<\/td><td>300 z\u0142<\/td><td>380 z\u0142<\/td><td>340 z\u0142<\/td><\/tr><tr><td>od 19.07 do 18.08<\/td><td>300 z\u0142<\/td><td>380 z\u0142<\/td><td>340 z\u0142<\/td><\/tr><tr><td>od 18.08 do 01.09<\/td><td>270 z\u0142<\/td><td>340 z\u0142<\/td><td>300 z\u0142<\/td><\/tr><tr><td>od 01.09 do 15.09<\/td><td>200 z\u0142<\/td><td>260 z\u0142<\/td><td>220 z\u0142<\/td><\/tr><tr><td>od 15.09 do 31.10<\/td><td>160 z\u0142<\/td><td>220 z\u0142<\/td><td>180 z\u0142<\/td><\/tr><\/tbody><\/table><\/figure>\n\n\n\nPowy\u017csze ceny obowi\u0105zuj\u0105 przy pobytach powy\u017cej dw\u00f3ch nocy. Poza wysokim sezonem, przy pobytach powy\u017cej tygodnia mog\u0105 obowi\u0105zywa\u0107 rabaty. \n<div class=\"uwagi\">\n<h4>Na terenie o\u015brodka obowi\u0105zuj\u0105 nast\u0119puj\u0105ce dodatkowe op\u0142aty:<\/h4>\n<ul>\n<li>za psa lub inne zwierz\u0119 domowe 70 z\u0142 lub 30 z\u0142 za dob\u0119 przy pobytach d\u0142u\u017cszych ni\u017c 3 noce<\/li>\n<li>za energi\u0119 elektryczn\u0105 wed\u0142ug wskaza\u0144 licznika<\/li>\n<li>op\u0142ata klimatyczna jest naliczana zgodnie z uchwa\u0142\u0105 Rady Gminy na dany rok<\/li>\n<li>za pobyt dodatkowych os\u00f3b (powy\u017cej sze\u015bciu) 30,00 z\u0142 za dob\u0119 &#8211; dotyczy domk\u00f3w<\/li>\n<\/ul>\n<h4>&nbsp; &nbsp; &nbsp; <a href=\"mailto:magnolia@dzwirzyno.org\">Przejd\u017a do rezerwacji<\/a><\/h4>\n<\/div>\n","protected":false},"excerpt":{"rendered":"<p>Cennik 2026 Domki letniskowe (do 6 os\u00f3b) Pobyt w terminie Koszt pobytu doby od 03.04 do 06.04 550 z\u0142 od 06.04 do 23.04 450 z\u0142 od 23.04 do 04.05 550 z\u0142 od 04.05 do 31.05 450 z\u0142 od 31.05 do 18.06 550 z\u0142 od 18.06 do 05.07 600 z\u0142 od &hellip;<\/p>\n","protected":false},"author":1,"featured_media":0,"parent":0,"menu_order":0,"comment_status":"closed","ping_status":"closed","template":"","meta":{"_mi_skip_tracking":false},"_links":{"self":[{"href":"https:\/\/magnolia.dzwirzyno.org\/index.php\/wp-json\/wp\/v2\/pages\/182"}],"collection":[{"href":"https:\/\/magnolia.dzwirzyno.org\/index.php\/wp-json\/wp\/v2\/pages"}],"about":[{"href":"https:\/\/magnolia.dzwirzyno.org\/index.php\/wp-json\/wp\/v2\/types\/page"}],"author":[{"embeddable":true,"href":"https:\/\/magnolia.dzwirzyno.org\/index.php\/wp-json\/wp\/v2\/users\/1"}],"replies":[{"embeddable":true,"href":"https:\/\/magnolia.dzwirzyno.org\/index.php\/wp-json\/wp\/v2\/comments?post=182"}],"version-history":[{"count":26,"href":"https:\/\/magnolia.dzwirzyno.org\/index.php\/wp-json\/wp\/v2\/pages\/182\/revisions"}],"predecessor-version":[{"id":723,"href":"https:\/\/magnolia.dzwirzyno.org\/index.php\/wp-json\/wp\/v2\/pages\/182\/revisions\/723"}],"wp:attachment":[{"href":"https:\/\/magnolia.dzwirzyno.org\/index.php\/wp-json\/wp\/v2\/media?parent=182"}],"curies":[{"name":"wp","href":"https:\/\/api.w.org\/{rel}","templated":true}]}}