{"id":349,"date":"2019-07-24T19:31:08","date_gmt":"2019-07-24T19:31:08","guid":{"rendered":"http:\/\/magnolia.boo.pl\/?page_id=349"},"modified":"2021-02-11T20:44:06","modified_gmt":"2021-02-11T20:44:06","slug":"fulfilling-holidays-at-the-baltic-sea","status":"publish","type":"page","link":"https:\/\/magnolia.dzwirzyno.org\/index.php\/en\/fulfilling-holidays-at-the-baltic-sea\/","title":{"rendered":"FULFILLING HOLIDAYS AT THE BALTIC SEA"},"content":{"rendered":"<h2 style=\"text-align: center;\"><strong>MAGNOLIA GUESTHOUSE<\/strong><\/h2>\n<p>Magnolia Resort is located 350 meters from the sea, surrounded by a pine forest and picturesque dunes, in the town of D\u017awirzyno. Our center has seventeen high standard studio rooms for two or three adults. Each studio, approximately 20m2, consists of a living room with a fully equipped kitchenette and a bathroom with a shower or a bathtub. It is possible to connect two adjacent rooms via an internal connector. In addition, the room has a 32-inch LCD TV with satellite TV. Additionally, beach equipment is at the guests&#8217; disposal. There is a free wireless WiFi connection throughout the resort. For our guests there is the possibility of free parking on the fenced property of the resort. A washing machine can be used at an extra charge.<\/p>\n<h2 style=\"text-align: center;\"><strong>MAGNOLIA SUMMERHOUSES<\/strong><\/h2>\n<p>In our Magnolia resort there are comfortable tourist houses with an area of 54 m2 with a terrace that can accommodate up to 6 people. On the ground floor of each house there is a large, spacious living room with kitchenette and bathroom. The living room has a direct exit to the private terrace. On the first floor there are two bedrooms and a bathroom.\u00a0There is a free wireless WiFi connection throughout the resort. For our guests there is the possibility of free parking on the fenced property of the resort.<\/p>\n<h6>SUmmerhouse&#8217;s AMENITIES:<\/h6>\n<ul>\n<li>Kitchenette: <em>electric hob, fridge, washing machine, dishwasher, set of dishes, toaster, filter coffee maker, pots, electric kettle, basic kitchen utensils, table for 6 people<\/em><\/li>\n<li>Living room: <em>sofa bed, coffee table, LCD TV with satellite TV, blinds<\/em><\/li>\n<li>Terrace: <em>a set of garden furniture, barbecue, 3 deckchairs, screen, clothes dryer<\/em><\/li>\n<li>Bedroom 1: <em>double bed (180cm), wardrobe, night lamp, bedside cabinet, bedding set<\/em><\/li>\n<li>Bedroom 2: <em>3 beds (80 \/ 90cm), lamp, cupboard, bedding set<\/em><\/li>\n<li>Bathroom 1: <em>shower cubicle, bathroom cabinet with washbasin, toilet, mirror, hair dryer, towel set<\/em><\/li>\n<li>Bathroom 2: <em>toilet, bathroom cabinet with washbasin, mirror<\/em><\/li>\n<\/ul>\n<h2 style=\"text-align: center;\">COMMON AREA<\/h2>\n<p>For the youngest guests we offer a playground with swings, slides and a sandpit. We also have a badminton court, a tennis table and darts. The resort has a spacious gazebo in which we have a wood-burning pizza oven, grill, smokehouse and seating for more people. There is also the possibility of organizing a bonfire.<\/p>\n<p>Our resort is located near the natural-historical &#8220;Ku S\u0142o\u0144cu&#8221; cycling route that leads around the commune and the city of Ko\u0142obrzeg. At a distance of 300 meters from Magnolia there is a health path with an outdoor gym. In addition to the sandy beach, in our neighborhood there is a 4-star hotel with a rich offer of treatments, a swimming pool complex and a bowling alley.<\/p>\n","protected":false},"excerpt":{"rendered":"<p>MAGNOLIA GUESTHOUSE Magnolia Resort is located 350 meters from the sea, surrounded by a pine forest and picturesque dunes, in the town of D\u017awirzyno. Our center has seventeen high standard studio rooms for two or three adults. Each studio, approximately 20m2, consists of a living room with a fully equipped &hellip;<\/p>\n","protected":false},"author":1,"featured_media":0,"parent":0,"menu_order":0,"comment_status":"closed","ping_status":"closed","template":"","meta":{"_mi_skip_tracking":false},"_links":{"self":[{"href":"https:\/\/magnolia.dzwirzyno.org\/index.php\/wp-json\/wp\/v2\/pages\/349"}],"collection":[{"href":"https:\/\/magnolia.dzwirzyno.org\/index.php\/wp-json\/wp\/v2\/pages"}],"about":[{"href":"https:\/\/magnolia.dzwirzyno.org\/index.php\/wp-json\/wp\/v2\/types\/page"}],"author":[{"embeddable":true,"href":"https:\/\/magnolia.dzwirzyno.org\/index.php\/wp-json\/wp\/v2\/users\/1"}],"replies":[{"embeddable":true,"href":"https:\/\/magnolia.dzwirzyno.org\/index.php\/wp-json\/wp\/v2\/comments?post=349"}],"version-history":[{"count":3,"href":"https:\/\/magnolia.dzwirzyno.org\/index.php\/wp-json\/wp\/v2\/pages\/349\/revisions"}],"predecessor-version":[{"id":574,"href":"https:\/\/magnolia.dzwirzyno.org\/index.php\/wp-json\/wp\/v2\/pages\/349\/revisions\/574"}],"wp:attachment":[{"href":"https:\/\/magnolia.dzwirzyno.org\/index.php\/wp-json\/wp\/v2\/media?parent=349"}],"curies":[{"name":"wp","href":"https:\/\/api.w.org\/{rel}","templated":true}]}}