{"id":394,"date":"2019-08-16T17:59:31","date_gmt":"2019-08-16T17:59:31","guid":{"rendered":"http:\/\/magnolia.boo.pl\/?page_id=394"},"modified":"2021-02-11T20:45:04","modified_gmt":"2021-02-11T20:45:04","slug":"schoene-ferien-an-der-ostsee","status":"publish","type":"page","link":"https:\/\/magnolia.dzwirzyno.org\/index.php\/de\/schoene-ferien-an-der-ostsee\/","title":{"rendered":"Sch\u00f6ne Ferien an der Ostsee"},"content":{"rendered":"<h2 class=\"p1\" style=\"text-align: center;\">G\u00c4STEHAUS MAGNOLIA<\/h2>\n<p class=\"p1\">Das Magnolia Ressort liegt 350 m vom Meer entfernt in dem Dorf<span class=\"Apple-converted-space\">\u00a0 <\/span>D\u017awirzyno, umgeben von einem Pinienwald und malerischen D\u00fcnen. Unser Ressort verf\u00fcgt \u00fcber 17 Studios mit hohem Standard f\u00fcr zwei oder drei Erwachsenen. Jedes Studio ist ca. 20 m\u00b2 gro\u00df und besteht aus einem Wohnzimmer mit einer voll ausgestatteten Kochnische und einem Badezimmer mit einer Dusche oder einer Badewanne. Es ist m\u00f6glich, zwei benachbarte R\u00e4ume \u00fcber einen internen Anschluss zu verbinden. Dar\u00fcber hinaus verf\u00fcgt das Zimmer \u00fcber einen Fernseher 32 Zoll mit Sat-TV. Zus\u00e4tzlich steht den G\u00e4sten eine Strandausr\u00fcstung zur Verf\u00fcgung. Es gibt ein kostenloser, kabelloser Internetanschluss (WLAN) im gesamten Ressort. F\u00fcr unsere G\u00e4ste besteht die M\u00f6glichkeit des kostenlosen Parkens auf dem umz\u00e4unten Grundst\u00fcck des Ressorts. Eine Waschmaschine kann gegen Aufpreis genutzt werden.<\/p>\n<h2 class=\"p1\" style=\"text-align: center;\">SOMMERH\u00c4USER MAGNOLIA<\/h2>\n<p class=\"p1\">In unserem Magnolia Ressort gibt es komfortable Touristenh\u00e4user mit einer Fl\u00e4che von 54 m2 und einer Terrasse, die Sitzm\u00f6glichkeiten<span class=\"Apple-converted-space\">\u00a0 <\/span>f\u00fcr bis zu 6 Personen bietet. Im Erdgeschoss jedes Hauses befindet sich ein gro\u00dfes, ger\u00e4umiges Wohnzimmer mit einer K\u00fcche und einem Badezimmer. Das Wohnzimmer hat einen direkten Ausgang zur privaten Terrasse. Im ersten Stock befinden sich zwei Schlafzimmer und ein Badezimmer.<\/p>\n<p class=\"p1\"><strong>Ausstattung und Ausr\u00fcstung:<\/strong><\/p>\n<ul>\n<li class=\"p1\">Kochnische: Elektroherd, K\u00fchlschrank, Geschirrsp\u00fclmaschine, Waschmaschine, Geschirr, Toaster, \u00dcberlaufkaffeemaschine, T\u00f6pfe, Wasserkocher, Geschirre und T\u00f6pfe, Tisch f\u00fcr 6 Personen<\/li>\n<li class=\"p1\">Wohnzimmer: Schlafsofa, Couchtisch, LCD-Fernseher mit Satellitenempfang, Jalousien<\/li>\n<li class=\"p1\">Terrasse: Gartenm\u00f6bel, Grill, 3 Liegest\u00fchle, Strand-Windschutz , W\u00e4schetrockner<\/li>\n<li class=\"p1\">Schlafzimmer 1: Doppelbett (180 cm), Kleiderschrank, Nachttischlampe, Nachttisch, Bettw\u00e4sche<\/li>\n<li class=\"p1\">Schlafzimmer 2: 3 Betten (80 \/ 90cm), Lampe, Schrank, Bettw\u00e4sche<\/li>\n<li class=\"p1\">Badezimmer 1: Dusche, Badezimmerschrank mit Waschbecken, Toilette, Spiegel, F\u00f6hn, Handtuchset<\/li>\n<li class=\"p1\">Badezimmer 2: Toilette, Badezimmerschrank mit Waschbecken, Spiegel<\/li>\n<\/ul>\n<h2 style=\"text-align: center;\"><span lang=\"de\" tabindex=\"0\">Gemeinschaftsraum<\/span><\/h2>\n<p class=\"p1\">F\u00fcr die j\u00fcngsten G\u00e4ste bieten wir einen Spielplatz mit Schaukeln, Rutschen und Sandkasten. Wir haben auch einen Badmintonplatz, eine Tischtennisplatte und Darts. Das Ressort verf\u00fcgt \u00fcber einen ger\u00e4umigen Pavillon mit Holzofen, Grill, R\u00e4ucherkammer und Sitzgelegenheiten f\u00fcr viele Personen. Es besteht auch die M\u00f6glichkeit, ein Lagerfeuer zu organisieren.<\/p>\n<p class=\"p1\">Unser Ressort befindet sich in der N\u00e4he des naturhistorischen Radwegs &#8220;Ku S\u0142o\u0144cu&#8221;, der rund um die Gemeinde und die Stadt Kolberg f\u00fchrt. 300 m von Magnolia entfernt befindet sich ein <span class=\"s1\">Trimm-dich-Pfad <\/span>mit einem Fitnessstudio im Freien. Am Sandstrand gibt es in unserer Nachbarschaft ein 4-Sterne-Hotel mit einem reichhaltigen Angebot an Anwendungen, einer Schwimmbadanlage und einer Kegelbahn.<\/p>\n","protected":false},"excerpt":{"rendered":"<p>G\u00c4STEHAUS MAGNOLIA Das Magnolia Ressort liegt 350 m vom Meer entfernt in dem Dorf\u00a0 D\u017awirzyno, umgeben von einem Pinienwald und malerischen D\u00fcnen. Unser Ressort verf\u00fcgt \u00fcber 17 Studios mit hohem Standard f\u00fcr zwei oder drei Erwachsenen. Jedes Studio ist ca. 20 m\u00b2 gro\u00df und besteht aus einem Wohnzimmer mit einer &hellip;<\/p>\n","protected":false},"author":1,"featured_media":0,"parent":0,"menu_order":0,"comment_status":"closed","ping_status":"closed","template":"","meta":{"_mi_skip_tracking":false},"_links":{"self":[{"href":"https:\/\/magnolia.dzwirzyno.org\/index.php\/wp-json\/wp\/v2\/pages\/394"}],"collection":[{"href":"https:\/\/magnolia.dzwirzyno.org\/index.php\/wp-json\/wp\/v2\/pages"}],"about":[{"href":"https:\/\/magnolia.dzwirzyno.org\/index.php\/wp-json\/wp\/v2\/types\/page"}],"author":[{"embeddable":true,"href":"https:\/\/magnolia.dzwirzyno.org\/index.php\/wp-json\/wp\/v2\/users\/1"}],"replies":[{"embeddable":true,"href":"https:\/\/magnolia.dzwirzyno.org\/index.php\/wp-json\/wp\/v2\/comments?post=394"}],"version-history":[{"count":3,"href":"https:\/\/magnolia.dzwirzyno.org\/index.php\/wp-json\/wp\/v2\/pages\/394\/revisions"}],"predecessor-version":[{"id":576,"href":"https:\/\/magnolia.dzwirzyno.org\/index.php\/wp-json\/wp\/v2\/pages\/394\/revisions\/576"}],"wp:attachment":[{"href":"https:\/\/magnolia.dzwirzyno.org\/index.php\/wp-json\/wp\/v2\/media?parent=394"}],"curies":[{"name":"wp","href":"https:\/\/api.w.org\/{rel}","templated":true}]}}