{"id":396,"date":"2019-08-16T18:18:30","date_gmt":"2019-08-16T18:18:30","guid":{"rendered":"http:\/\/magnolia.boo.pl\/?page_id=396"},"modified":"2026-03-08T20:35:58","modified_gmt":"2026-03-08T20:35:58","slug":"396-2","status":"publish","type":"page","link":"https:\/\/magnolia.dzwirzyno.org\/index.php\/de\/396-2\/","title":{"rendered":"PREISLISTE"},"content":{"rendered":"\n<h2 class=\"p1\">Aktuelle Preisliste 2026<\/h2>\n\n\n\n<figure class=\"wp-block-table\"><table><tbody><tr><td>\n<h3>Sommerh\u00e4user (bis zu 6 Personen)<\/h3>\n<\/td><\/tr><tr><td>Der Aufenthaltstermin<\/td><td>Die Aufenthaltskosten pro Nacht<\/td><\/tr><tr><td>ab 03.04 bis 06.04<\/td><td>550 PLN<\/td><\/tr><tr><td>ab 06.04 bis 23.04<\/td><td>450 PLN<\/td><\/tr><tr><td>ab 23.04 bis 04.05<\/td><td>550 PLN<\/td><\/tr><tr><td>ab 04.05 bis 31.05<\/td><td>450 PLN<\/td><\/tr><tr><td>ab 31.05 bis 18.06<\/td><td>550 PLN<\/td><\/tr><tr><td>ab 18.06 bis 05.07<\/td><td>600 PLN<\/td><\/tr><tr><td>ab 05.07 bis 19.07<\/td><td>650 PLN<\/td><\/tr><tr><td>ab 19.07 bis 18.08<\/td><td>700 PLN<\/td><\/tr><tr><td>ab 18.08 bis 01.09<\/td><td>600 PLN<\/td><\/tr><tr><td>ab 01.09 bis 15.09<\/td><td>450 PLN<\/td><\/tr><tr><td>ab 15.09 bis 31.10<\/td><td>300 PLN<\/td><\/tr><\/tbody><\/table><\/figure>\n\n\n\nDie oben genannten Preise gelten f\u00fcr Aufenthalte von mehr als 2 N\u00e4chten.\n<div class=\"uwagi\">\n<h4>W\u00e4hrend des Aufenthalts in den Magnolia Sommerh\u00e4uschen gelten einige Regeln und Geb\u00fchren:<\/h4>\n<ul>\n<li>Haustiere sind erlaubt und die Geb\u00fchr betr\u00e4gt 70 PLN pro Haustier oder 30 PLN pro Nacht bei Aufenthalten von mehr als 3 N\u00e4chten. Sie werden gebeten, bei der Buchung mitzuteilen, dass Sie mit einem Haustier anreisen<\/li>\n<li>Die Stromkosten h\u00e4ngen vom Z\u00e4hler ab und betragen 1,5 PLN pro kWh<\/li>\n<li>Die Kurtaxe betr\u00e4gt 2 PLN pro Person und Nacht und ist bei der Ankunft zu zahlen (Kurtaxe f\u00fcr 2019)<\/li>\n<li>Die Kosten f\u00fcr zus\u00e4tzliche Personen (\u00fcber sechs Personen) betragen 30 PLN pro Person und Nacht<br>\n<h4><a href=\"mailto:magnolia@dzwirzyno.org\">Zur Buchung gehen<\/a><\/h4>\n<\/li>\n<\/ul>\n<\/div>\n\n\n\n<figure class=\"wp-block-table\"><table><tbody><tr><td>\n<h3>G\u00e4stehaus<\/h3> <br> Preis pro Nacht pro Zimmer mit einer Kochnische und einem Bad\n<\/td><\/tr><tr><td>Der Aufenthaltstermin<\/td><td>Zwei Personen<\/td><td>Drei Personen<\/td><td>Zwei Personen und ein Kind bis 12 Jahre<\/td><\/tr><tr><td>ab 03.04 bis 06.04<\/td><td>220 PLN<\/td><td>250 PLN<\/td><td>235 PLN<\/td><\/tr><tr><td>ab 06.04 bis 23.04<\/td><td>150 PLN<\/td><td>220 PLN<\/td><td>180 PLN<\/td><\/tr><tr><td>ab 23.04 bis 04.05<\/td><td>220 PLN<\/td><td>270 PLN<\/td><td>250 PLN<\/td><\/tr><tr><td>ab 04.05 bis 31.05<\/td><td>160 PLN<\/td><td>220 PLN<\/td><td>180 PLN<\/td><\/tr><tr><td>ab 31.05 bis 18.06<\/td><td>220 PLN<\/td><td>270 PLN<\/td><td>250 PLN<\/td><\/tr><tr><td>ab 18.06 bis 05.07<\/td><td>270 PLN<\/td><td>340 PLN<\/td><td>300 PLN<\/td><\/tr><tr><td>ab 05.07 bis 19.07<\/td><td>300 PLN<\/td><td>380 PLN<\/td><td>340 PLN<\/td><\/tr><tr><td>ab 19.07 bis 18.08<\/td><td>300 PLN<\/td><td>380 PLN<\/td><td>340 PLN<\/td><\/tr><tr><td>ab 18.08 bis 01.09<\/td><td>270 PLN<\/td><td>340 PLN<\/td><td>300 PLN<\/td><\/tr><tr><td>ab 01.09 bis 15.09<\/td><td>200 PLN<\/td><td>260 PLN<\/td><td>220 PLN<\/td><\/tr><tr><td>ab 15.09 bis 31.10<\/td><td>160 PLN<\/td><td>220 PLN<\/td><td>180 PLN<\/td><\/tr><\/tbody><\/table><\/figure>\n\n\n\nDie oben genannten Preise gelten f\u00fcr Aufenthalte von mehr als 2 N\u00e4chten. Bei einem Aufenthalt von mehr als 7 Tagen au\u00dferhalb der Hochsaison k\u00f6nnen m\u00f6glicherweise Rabatte gew\u00e4hrt werden.\n\n<div class=\"uwagi\">\n<h4>W\u00e4hrend des Aufenthalts in den Magnolia G\u00e4stehaus gelten einige Regeln und Geb\u00fchren:<\/h4>\n<ul>\n<li>Haustiere sind erlaubt und die Geb\u00fchr betr\u00e4gt 70 PLN pro Haustier oder 30 PLN pro Nacht bei Aufenthalten von mehr als 3 N\u00e4chten. Sie werden gebeten, bei der Buchung mitzuteilen, dass Sie mit einem Haustier anreisen<\/li>\n<li>Die Kurtaxe betr\u00e4gt 2 PLN pro Person und Nacht und ist bei der Ankunft zu zahlen (Kurtaxe f\u00fcr 2020)<\/li>\n<\/ul>\n<h4>&nbsp; &nbsp; &nbsp; <a href=\"mailto:magnolia@dzwirzyno.org\">Zur Buchung gehen<\/a><\/h4>\n<\/div>\n","protected":false},"excerpt":{"rendered":"<p>Aktuelle Preisliste 2026 Sommerh\u00e4user (bis zu 6 Personen) Der Aufenthaltstermin Die Aufenthaltskosten pro Nacht ab 03.04 bis 06.04 550 PLN ab 06.04 bis 23.04 450 PLN ab 23.04 bis 04.05 550 PLN ab 04.05 bis 31.05 450 PLN ab 31.05 bis 18.06 550 PLN ab 18.06 bis 05.07 600 PLN &hellip;<\/p>\n","protected":false},"author":1,"featured_media":0,"parent":0,"menu_order":0,"comment_status":"closed","ping_status":"closed","template":"","meta":{"_mi_skip_tracking":false},"_links":{"self":[{"href":"https:\/\/magnolia.dzwirzyno.org\/index.php\/wp-json\/wp\/v2\/pages\/396"}],"collection":[{"href":"https:\/\/magnolia.dzwirzyno.org\/index.php\/wp-json\/wp\/v2\/pages"}],"about":[{"href":"https:\/\/magnolia.dzwirzyno.org\/index.php\/wp-json\/wp\/v2\/types\/page"}],"author":[{"embeddable":true,"href":"https:\/\/magnolia.dzwirzyno.org\/index.php\/wp-json\/wp\/v2\/users\/1"}],"replies":[{"embeddable":true,"href":"https:\/\/magnolia.dzwirzyno.org\/index.php\/wp-json\/wp\/v2\/comments?post=396"}],"version-history":[{"count":16,"href":"https:\/\/magnolia.dzwirzyno.org\/index.php\/wp-json\/wp\/v2\/pages\/396\/revisions"}],"predecessor-version":[{"id":726,"href":"https:\/\/magnolia.dzwirzyno.org\/index.php\/wp-json\/wp\/v2\/pages\/396\/revisions\/726"}],"wp:attachment":[{"href":"https:\/\/magnolia.dzwirzyno.org\/index.php\/wp-json\/wp\/v2\/media?parent=396"}],"curies":[{"name":"wp","href":"https:\/\/api.w.org\/{rel}","templated":true}]}}