{"id":403,"date":"2019-08-17T14:03:33","date_gmt":"2019-08-17T14:03:33","guid":{"rendered":"http:\/\/magnolia.boo.pl\/?page_id=403"},"modified":"2023-01-31T17:03:31","modified_gmt":"2023-01-31T17:03:31","slug":"buchungen-kontakt","status":"publish","type":"page","link":"https:\/\/magnolia.dzwirzyno.org\/index.php\/de\/buchungen-kontakt\/","title":{"rendered":"BUCHUNGEN &#038; KONTAKT"},"content":{"rendered":"<div id=\"content\" class=\"center_content\">\n<div id=\"ramka\">\n<section>\n<h3>Kontaktdaten<\/h3>\n<p>Wyzwoleniastra\u00dfe 52<br \/>\n78-131 D\u017awirzyno bei Kolberg<\/p>\n<h4><a href=\"mailto:piotrbyc1@gmail.com\">Zur Buchung gehen<\/a><\/h4>\n<p><a href=\"mailto:piotrbyc1@gmail.com\"><span class=\"mail\">piotrbyc1@gmail.com <\/span><\/a><\/p>\n<p><strong> Phone 1: +48 604167096<br \/>\nPhone 2: +48 600223688<\/strong><\/p>\n<\/section>\n<h3>Lage<\/h3>\n<\/div>\n<\/div>\n<p><iframe loading=\"lazy\" style=\"border: 0;\" src=\"https:\/\/www.google.com\/maps\/embed?pb=!1m14!1m8!1m3!1d2336.032440816895!2d15.439285999999997!3d54.161789000000006!3m2!1i1024!2i768!4f13.1!3m3!1m2!1s0x0%3A0x16d0d28ac45a8cce!2sApartamenty+Magnolia!5e0!3m2!1spl!2spl!4v1520767443129\" width=\"600\" height=\"450\" frameborder=\"0\" allowfullscreen=\"allowfullscreen\"><\/iframe><\/p>\n<div id=\"content\" class=\"center_content\">\n<div id=\"ramka\">\n<section>\n<h3>Unterkunfts- und Buchungsbedingungen<\/h3>\n<p>Um eine Reservierung vorzunehmen, kontaktieren Sie uns bitte telefonisch:<\/p>\n<p><strong>+48 604167096<br \/>\n+48 600223688<\/strong><\/p>\n<p>oder per E-Mail: <a href=\"mailto:piotrbyc1@gmail.com\"><span class=\"mail\">piotrbyc1@gmail.com <\/span><\/a><\/p>\n<p>Die Zahlung f\u00fcr den Aufenthalt erfolgt bei der Ankunft und der Unterbringung der G\u00e4ste.<\/p>\n<h4>Vermerkungen:<\/h4>\n<ul>\n<li>Um eine vollst\u00e4ndige Buchung zu erhalten, wird der Gast gebeten, innerhalb von 4 Tagen nach der erstmaligen Buchung eine Anzahlung in H\u00f6he von 30% der vollst\u00e4ndigen Zahlung zu leisten<\/li>\n<li>Der Check-in ist um 15:00 Uhr. Der Check-out erfolgt um 10:00 Uhr<\/li>\n<li>Der Raum sollte in angemessener Ordnung hinterlassen werden<\/li>\n<li>Die G\u00e4ste tragen die volle materielle Verantwortung f\u00fcr eventuelle Sch\u00e4den<\/li>\n<li>Das Rauchen ist in allen Zimmern strengstens untersagt<\/li>\n<\/ul>\n<p class=\"p1\">Um ein Zimmer zu buchen, leisten Sie bitte eine Anzahlung auf die folgende Kontonummer:<\/p>\n<p class=\"p1\"><strong>Piotr By\u0107, Wyzwolenia Stra\u00dfe 52, 78-131 D\u017awirzyno<\/strong><br \/>\n<strong> Bankkonto in PLN (IBAN): PL87 1160 2202 0000 0005 3486 2961<\/strong><br \/>\n<strong> Bankkonto in Euro (IBAN): PL33 1160 2202 0000 0005 5499 3664<\/strong><br \/>\n<strong> SWIFT-code: BIGBPLPW<\/strong><\/p>\n<\/section>\n<\/div>\n<\/div>\n<div id=\"content\" class=\"center_content\">\n<div id=\"ramka\">\n<section>\n<p class=\"p1\">Bitte f\u00fcgen Sie bei der \u00dcberweisung einen Vermerk mit dem bei der Buchung angegebenen Nachnamen, dem Aufenthaltsdatum und der Unterkunftsartbei. Bevor Sie eine Anzahlung leisten, senden Sie uns bitte eine E-Mail oder rufen Sie uns an.<\/p>\n<\/section>\n<\/div>\n<\/div>\n","protected":false},"excerpt":{"rendered":"<p>Kontaktdaten Wyzwoleniastra\u00dfe 52 78-131 D\u017awirzyno bei Kolberg Zur Buchung gehen piotrbyc1@gmail.com Phone 1: +48 604167096 Phone 2: +48 600223688 Lage Unterkunfts- und Buchungsbedingungen Um eine Reservierung vorzunehmen, kontaktieren Sie uns bitte telefonisch: +48 604167096 +48 600223688 oder per E-Mail: piotrbyc1@gmail.com Die Zahlung f\u00fcr den Aufenthalt erfolgt bei der Ankunft und &hellip;<\/p>\n","protected":false},"author":1,"featured_media":0,"parent":0,"menu_order":0,"comment_status":"closed","ping_status":"closed","template":"","meta":{"_mi_skip_tracking":false},"_links":{"self":[{"href":"https:\/\/magnolia.dzwirzyno.org\/index.php\/wp-json\/wp\/v2\/pages\/403"}],"collection":[{"href":"https:\/\/magnolia.dzwirzyno.org\/index.php\/wp-json\/wp\/v2\/pages"}],"about":[{"href":"https:\/\/magnolia.dzwirzyno.org\/index.php\/wp-json\/wp\/v2\/types\/page"}],"author":[{"embeddable":true,"href":"https:\/\/magnolia.dzwirzyno.org\/index.php\/wp-json\/wp\/v2\/users\/1"}],"replies":[{"embeddable":true,"href":"https:\/\/magnolia.dzwirzyno.org\/index.php\/wp-json\/wp\/v2\/comments?post=403"}],"version-history":[{"count":8,"href":"https:\/\/magnolia.dzwirzyno.org\/index.php\/wp-json\/wp\/v2\/pages\/403\/revisions"}],"predecessor-version":[{"id":671,"href":"https:\/\/magnolia.dzwirzyno.org\/index.php\/wp-json\/wp\/v2\/pages\/403\/revisions\/671"}],"wp:attachment":[{"href":"https:\/\/magnolia.dzwirzyno.org\/index.php\/wp-json\/wp\/v2\/media?parent=403"}],"curies":[{"name":"wp","href":"https:\/\/api.w.org\/{rel}","templated":true}]}}