{"id":92,"date":"2018-03-11T08:33:17","date_gmt":"2018-03-11T08:33:17","guid":{"rendered":"http:\/\/magnolia.boo.pl\/?page_id=92"},"modified":"2023-01-31T17:01:09","modified_gmt":"2023-01-31T17:01:09","slug":"kontakt","status":"publish","type":"page","link":"https:\/\/magnolia.dzwirzyno.org\/index.php\/kontakt\/","title":{"rendered":"Kontakt"},"content":{"rendered":"<div id=\"content\" class=\"center_content\">\n<div id=\"ramka\">\n<section>\n<h3>Dane kontaktowe<\/h3>\n<p>ul. Wyzwolenia 52<br \/>\nD\u017awirzyno k\/ Ko\u0142obrzegu<\/p>\n<h4><a href=\"mailto:piotrbyc1@gmail.com\">Przejd\u017a do rezerwacji<\/a><\/h4>\n<p><a href=\"mailto:piotrbyc1@gmail.com\"><span class=\"mail\">piotrbyc1@gmail.com<\/span><\/a><\/p>\n<p><strong> Kom. 1: 604167096<br \/>\nKom. 2: 600223688<\/strong><\/p>\n<\/section>\n<h3>Lokalizacja<\/h3>\n<\/div>\n<\/div>\n<p><iframe loading=\"lazy\" style=\"border: 0;\" src=\"https:\/\/www.google.com\/maps\/embed?pb=!1m14!1m8!1m3!1d2336.032440816895!2d15.439285999999997!3d54.161789000000006!3m2!1i1024!2i768!4f13.1!3m3!1m2!1s0x0%3A0x16d0d28ac45a8cce!2sApartamenty+Magnolia!5e0!3m2!1spl!2spl!4v1520767443129\" width=\"600\" height=\"450\" frameborder=\"0\" allowfullscreen=\"allowfullscreen\"><\/iframe><\/p>\n<div id=\"content\" class=\"center_content\">\n<div id=\"ramka\">\n<section>\n<h3>Warunki zakwaterowania i rezerwacji<\/h3>\n<p>W celu dokonania rezerwacji prosimy o kontakt telefoniczny:<\/p>\n<p><strong> Kom. 1: 604167096<br \/>\nKom. 2: 600223688<\/strong><\/p>\n<p>lub poczt\u0105 elektroniczn\u0105: <a href=\"mailto:piotrbyc1@gmail.com\">piotrbyc1@gmail.com<\/a><\/p>\n<p>P\u0142atno\u015b\u0107 za pobyt dokonywana jest po przyje\u017adzie i zakwaterowaniu Go\u015bci.<\/p>\n<h3>Uwaga:<\/h3>\n<ul>\n<li>Warunkiem pe\u0142nej rezerwacji jest dokonanie wp\u0142aty w formie zadatku w wysoko\u015bci 30% koszt\u00f3w pobytu na wskazane konto, nie p\u00f3\u017aniej ni\u017c 4 dni od momentu wst\u0119pnej rezerwacji<\/li>\n<li>Doba zaczyna si\u0119 od godzinie 15 a ko\u0144czy o godzinie 10<\/li>\n<li>Pok\u00f3j nale\u017cy pozostawi\u0107 w stosownym porz\u0105dku, czyli w takim stanie jak si\u0119 go zasta\u0142o<\/li>\n<li>Go\u015bcie ponosz\u0105 pe\u0142n\u0105 odpowiedzialno\u015b\u0107 materialn\u0105 za wyrz\u0105dzone szkody<\/li>\n<li>W pokojach obowi\u0105zuje bezwzgl\u0119dny zakaz palenia papieros\u00f3w<\/li>\n<\/ul>\n<p>W celu dokonania rezerwacji pokoju nale\u017cy wp\u0142aci\u0107 zadatek na konto bankowe:<br \/>\n<strong>Piotr By\u0107, ul. Wyzwolenia 52, 78-131 D\u017awirzyno<\/strong><br \/>\n<strong> Millenium konto z\u0142ot\u00f3wkowe: 87 1160 2202 0000 0005 3486 2961<\/strong><br \/>\n<strong> Millenium Euro Konto (IBAN) : PL33 1160 2202 0000 0005 5499 3664<\/strong><br \/>\n<strong> Kod SWIFT: BIGBPLPW<\/strong><\/p>\n<p>W miejscu na korespondencj\u0119 prosimy o podanie terminu pobytu oraz rodzaj rezerwowanego pokoju. Przed wp\u0142aceniem zaliczki prosimy o kontakt telefoniczny lub przez e-mail.<\/p>\n<p>Otrzymanie zaliczki, na \u017cyczenie Pa\u0144stwa, mo\u017cemy potwierdzi\u0107 telefonicznie, listownie lub za po\u015brednictwem poczty elektronicznej.<\/p>\n<\/section>\n<\/div>\n<\/div>\n","protected":false},"excerpt":{"rendered":"<p>Dane kontaktowe ul. Wyzwolenia 52 D\u017awirzyno k\/ Ko\u0142obrzegu Przejd\u017a do rezerwacji piotrbyc1@gmail.com Kom. 1: 604167096 Kom. 2: 600223688 Lokalizacja Warunki zakwaterowania i rezerwacji W celu dokonania rezerwacji prosimy o kontakt telefoniczny: Kom. 1: 604167096 Kom. 2: 600223688 lub poczt\u0105 elektroniczn\u0105: piotrbyc1@gmail.com P\u0142atno\u015b\u0107 za pobyt dokonywana jest po przyje\u017adzie i zakwaterowaniu &hellip;<\/p>\n","protected":false},"author":1,"featured_media":0,"parent":0,"menu_order":0,"comment_status":"closed","ping_status":"closed","template":"","meta":{"_mi_skip_tracking":false},"_links":{"self":[{"href":"https:\/\/magnolia.dzwirzyno.org\/index.php\/wp-json\/wp\/v2\/pages\/92"}],"collection":[{"href":"https:\/\/magnolia.dzwirzyno.org\/index.php\/wp-json\/wp\/v2\/pages"}],"about":[{"href":"https:\/\/magnolia.dzwirzyno.org\/index.php\/wp-json\/wp\/v2\/types\/page"}],"author":[{"embeddable":true,"href":"https:\/\/magnolia.dzwirzyno.org\/index.php\/wp-json\/wp\/v2\/users\/1"}],"replies":[{"embeddable":true,"href":"https:\/\/magnolia.dzwirzyno.org\/index.php\/wp-json\/wp\/v2\/comments?post=92"}],"version-history":[{"count":12,"href":"https:\/\/magnolia.dzwirzyno.org\/index.php\/wp-json\/wp\/v2\/pages\/92\/revisions"}],"predecessor-version":[{"id":668,"href":"https:\/\/magnolia.dzwirzyno.org\/index.php\/wp-json\/wp\/v2\/pages\/92\/revisions\/668"}],"wp:attachment":[{"href":"https:\/\/magnolia.dzwirzyno.org\/index.php\/wp-json\/wp\/v2\/media?parent=92"}],"curies":[{"name":"wp","href":"https:\/\/api.w.org\/{rel}","templated":true}]}}